{"id":9091,"date":"2026-01-14T20:49:34","date_gmt":"2026-01-14T19:49:34","guid":{"rendered":"https:\/\/firma365.si\/?page_id=9091"},"modified":"2026-02-04T13:46:14","modified_gmt":"2026-02-04T12:46:14","slug":"delovna-dovoljenja","status":"publish","type":"page","link":"https:\/\/firma365.si\/en\/delovna-dovoljenja\/","title":{"rendered":"Work permits"},"content":{"rendered":"<div data-elementor-type=\"wp-page\" data-elementor-id=\"9091\" class=\"elementor elementor-9091\" data-elementor-post-type=\"page\">\n\t\t\t\t\t\t<section class=\"elementor-section elementor-top-section elementor-element elementor-element-a9469fb elementor-section-boxed elementor-section-height-default elementor-section-height-default\" data-id=\"a9469fb\" data-element_type=\"section\">\n\t\t\t\t\t\t<div class=\"elementor-container elementor-column-gap-default\">\n\t\t\t\t\t<div class=\"elementor-column elementor-col-100 elementor-top-column elementor-element elementor-element-41b55d4 column-style-top\" data-id=\"41b55d4\" data-element_type=\"column\">\n\t\t\t<div class=\"elementor-widget-wrap elementor-element-populated\">\n\t\t\t\t\t\t<div class=\"elementor-element elementor-element-6f08855 elementor-widget elementor-widget-heading\" data-id=\"6f08855\" data-element_type=\"widget\" data-widget_type=\"heading.default\">\n\t\t\t\t\t<h2 class=\"elementor-heading-title elementor-size-default\">Delovno dovoljenje<\/h2>\t\t\t\t<\/div>\n\t\t\t\t<div class=\"elementor-element elementor-element-1e48b3c elementor-widget elementor-widget-text-editor\" data-id=\"1e48b3c\" data-element_type=\"widget\" data-widget_type=\"text-editor.default\">\n\t\t\t\t\t\t\t\t\t<p data-start=\"150\" data-end=\"366\">Delovna dovoljenja\u00a0uredimo namesto vas \u2013 hitro, pregledno in v skladu z zakonodajo. Pomagamo pri zaposlovanju tujih dr\u017eavljanov ter poskrbimo za vso potrebno dokumentacijo in komunikacijo s pristojnimi institucijami.<\/p><p data-start=\"150\" data-end=\"366\">NON EU\u00a0<\/p><ul><li>The most common form is a single residence and work permit, which allows you to stay in Slovenia and work for a specific employer. This permit is usually issued for a period of up to one year and can be extended. It is suitable for workers who are employed by a Slovenian company.<\/li><li>In the event that a foreigner wishes to open a limited liability company in Slovenia, become a director or owner of a company, a permit for self-employment or business activity is required. This procedure requires additional evidence and careful preparation of documentation.<\/li><li>For highly qualified professionals, there is also the option of the EU Blue Card, which is intended for professionals with appropriate education and experience. This form of permit allows for more favorable residence conditions and greater flexibility within the EU.<\/li><li>In certain cases, seasonal work is also possible, which is time-limited and tied to individual activities, such as tourism, catering or agriculture.<\/li><\/ul>\t\t\t\t\t\t\t\t<\/div>\n\t\t\t\t\t<\/div>\n\t\t<\/div>\n\t\t\t\t\t<\/div>\n\t\t<\/section>\n\t\t\t\t<section class=\"elementor-section elementor-top-section elementor-element elementor-element-bf2635a elementor-section-boxed elementor-section-height-default elementor-section-height-default\" data-id=\"bf2635a\" data-element_type=\"section\" data-settings=\"{&quot;background_background&quot;:&quot;classic&quot;}\">\n\t\t\t\t\t\t<div class=\"elementor-container elementor-column-gap-default\">\n\t\t\t\t\t<div class=\"elementor-column elementor-col-50 elementor-top-column elementor-element elementor-element-2b9a356 column-style-top\" data-id=\"2b9a356\" data-element_type=\"column\">\n\t\t\t<div class=\"elementor-widget-wrap elementor-element-populated\">\n\t\t\t\t\t\t<div class=\"elementor-element elementor-element-b1a0c80 elementor-widget elementor-widget-gva-heading-block\" data-id=\"b1a0c80\" data-element_type=\"widget\" data-widget_type=\"gva-heading-block.default\">\n\t\t\t\t<div class=\"elementor-widget-container\">\n\t\t\t\t\t<div class=\"gva-element-gva-heading-block gva-element\">   <div class=\"align-left style-1 widget gsc-heading\">\r\n      <div class=\"content-inner\">\r\n         \r\n                  \r\n           \r\n         \r\n                     <h2 class=\"title\">\r\n               <span>Inquiry<\/span>\r\n            <\/h2>\r\n                  \r\n         \r\n      <\/div>\r\n   <\/div>\r\n   <div class=\"clearfix\"><\/div>\r\n<\/div>\t\t\t\t<\/div>\n\t\t\t\t<\/div>\n\t\t\t\t<div class=\"elementor-element elementor-element-006052a elementor-widget elementor-widget-shortcode\" data-id=\"006052a\" data-element_type=\"widget\" data-widget_type=\"shortcode.default\">\n\t\t\t\t\t\t\t<div class=\"elementor-shortcode\"><style id=\"wpforms-css-vars-10549\">\n\t\t\t\t#wpforms-10549 {\n\t\t\t\t--wpforms-field-border-radius: 0px;\n--wpforms-field-border-color: rgba(0, 0, 0, 0.25);\n--wpforms-field-border-color-spare: rgba(0, 0, 0, 0.25);\n--wpforms-field-text-color: rgba(0, 0, 0, 0.7);\n--wpforms-label-color: rgba(0, 0, 0, 0.85);\n--wpforms-label-sublabel-color: rgba(0, 0, 0, 0.55);\n--wpforms-label-error-color: #FF4332;\n--wpforms-button-border-radius: 2px;\n--wpforms-button-background-color: #FF4332;\n--wpforms-container-padding: 0px;\n--wpforms-container-border-width: 1px;\n--wpforms-container-border-radius: 3px;\n--wpforms-background-color: rgba(0, 0, 0, 0);\n--wpforms-field-size-input-height: 43px;\n--wpforms-field-size-input-spacing: 15px;\n--wpforms-field-size-font-size: 16px;\n--wpforms-field-size-line-height: 19px;\n--wpforms-field-size-padding-h: 14px;\n--wpforms-field-size-checkbox-size: 16px;\n--wpforms-field-size-sublabel-spacing: 5px;\n--wpforms-field-size-icon-size: 1;\n--wpforms-label-size-font-size: 16px;\n--wpforms-label-size-line-height: 19px;\n--wpforms-label-size-sublabel-font-size: 14px;\n--wpforms-label-size-sublabel-line-height: 17px;\n--wpforms-button-size-font-size: 17px;\n--wpforms-button-size-height: 41px;\n--wpforms-button-size-padding-h: 15px;\n--wpforms-button-size-margin-top: 10px;\n--wpforms-container-shadow-size-box-shadow: none;\n\t\t\t}\n\t\t\t<\/style><div class=\"wpforms-container wpforms-container-full wpforms-render-modern\" id=\"wpforms-10549\"><form id=\"wpforms-form-10549\" class=\"wpforms-validate wpforms-form\" data-formid=\"10549\" method=\"post\" enctype=\"multipart\/form-data\" action=\"\/en\/wp-json\/wp\/v2\/pages\/9091\" data-token=\"723d3f8a17a40fe73e2b7371052abbe4\" data-token-time=\"1778031378\" data-trp-original-action=\"\/en\/wp-json\/wp\/v2\/pages\/9091\"><noscript class=\"wpforms-error-noscript\">Please enable JavaScript in your browser to complete this form.<\/noscript><div id=\"wpforms-error-noscript\" style=\"display: none;\">Please enable JavaScript in your browser to complete this form.<\/div><div class=\"wpforms-field-container\">\t\t<div id=\"wpforms-10549-field_3-container\"\n\t\t\tclass=\"wpforms-field wpforms-field-text\"\n\t\t\tdata-field-type=\"text\"\n\t\t\tdata-field-id=\"3\"\n\t\t\t>\n\t\t\t<label class=\"wpforms-field-label\" for=\"wpforms-10549-field_3\" >ime Va\u0161e Vpra\u0161anje\/sporo\u010dilo<\/label>\n\t\t\t<input type=\"text\" id=\"wpforms-10549-field_3\" class=\"wpforms-field-medium\" name=\"wpforms[fields][3]\" >\n\t\t<\/div>\n\t\t<div id=\"wpforms-10549-field_1-container\" class=\"wpforms-field wpforms-field-name\" data-field-id=\"1\"><label class=\"wpforms-field-label\" for=\"wpforms-10549-field_1\">Your first and last name <span class=\"wpforms-required-label\" aria-hidden=\"true\">*<\/span><\/label><input type=\"text\" id=\"wpforms-10549-field_1\" class=\"wpforms-field-medium wpforms-field-required\" name=\"wpforms[fields][1]\" aria-errormessage=\"wpforms-10549-field_1-error\" required><\/div><div id=\"wpforms-10549-field_2-container\" class=\"wpforms-field wpforms-field-email\" data-field-id=\"2\"><label class=\"wpforms-field-label\" for=\"wpforms-10549-field_2\">Your email <span class=\"wpforms-required-label\" aria-hidden=\"true\">*<\/span><\/label><input type=\"email\" id=\"wpforms-10549-field_2\" class=\"wpforms-field-medium wpforms-field-required\" name=\"wpforms[fields][2]\" spellcheck=\"false\" aria-errormessage=\"wpforms-10549-field_2-error\" required><\/div><div id=\"wpforms-10549-field_6-container\" class=\"wpforms-field wpforms-field-textarea\" data-field-id=\"6\"><label class=\"wpforms-field-label\" for=\"wpforms-10549-field_6\">Additional questions<\/label><textarea id=\"wpforms-10549-field_6\" class=\"wpforms-field-medium\" name=\"wpforms[fields][6]\" aria-errormessage=\"wpforms-10549-field_6-error\" ><\/textarea><\/div><script>\n\t\t\t\t( function() {\n\t\t\t\t\tconst style = document.createElement( 'style' );\n\t\t\t\t\tstyle.appendChild( document.createTextNode( '#wpforms-10549-field_3-container { position: absolute !important; overflow: hidden !important; display: inline !important; height: 1px !important; width: 1px !important; z-index: -1000 !important; padding: 0 !important; } #wpforms-10549-field_3-container input { visibility: hidden; } #wpforms-conversational-form-page #wpforms-10549-field_3-container label { counter-increment: none; }' ) );\n\t\t\t\t\tdocument.head.appendChild( style );\n\t\t\t\t\tdocument.currentScript?.remove();\n\t\t\t\t} )();\n\t\t\t<\/script><\/div><!-- .wpforms-field-container --><div class=\"wpforms-submit-container\" ><input type=\"hidden\" name=\"wpforms[id]\" value=\"10549\"><input type=\"hidden\" name=\"page_title\" value=\"\"><input type=\"hidden\" name=\"page_url\" value=\"https:\/\/firma365.si\/en\/wp-json\/wp\/v2\/pages\/9091\"><input type=\"hidden\" name=\"url_referer\" value=\"\"><button type=\"submit\" name=\"wpforms[submit]\" id=\"wpforms-submit-10549\" class=\"wpforms-submit\" data-alt-text=\"Po\u0161iljanje...\" data-submit-text=\"Po\u0161lji\" aria-live=\"assertive\" value=\"wpforms-submit\">Send<\/button><\/div><input type=\"hidden\" name=\"trp-form-language\" value=\"en\"\/><\/form><\/div>  <!-- .wpforms-container --><\/div>\n\t\t\t\t\t\t<\/div>\n\t\t\t\t\t<\/div>\n\t\t<\/div>\n\t\t\t\t<div class=\"elementor-column elementor-col-50 elementor-top-column elementor-element elementor-element-2ccf977 column-style-top\" data-id=\"2ccf977\" data-element_type=\"column\">\n\t\t\t<div class=\"elementor-widget-wrap elementor-element-populated\">\n\t\t\t\t\t\t<div class=\"elementor-element elementor-element-dac12f8 elementor-widget elementor-widget-text-editor\" data-id=\"dac12f8\" data-element_type=\"widget\" data-widget_type=\"text-editor.default\">\n\t\t\t\t\t\t\t\t\t<div class=\"support-box\"><ul><li class=\"title\">Need more information?<\/li><li class=\"text\">Give us a call at:<\/li><li class=\"phone\"><a href=\"tel:+386 40 156 195\">+386 40 156 195<\/a><\/li><\/ul><\/div>\t\t\t\t\t\t\t\t<\/div>\n\t\t\t\t\t<\/div>\n\t\t<\/div>\n\t\t\t\t\t<\/div>\n\t\t<\/section>\n\t\t\t\t<section class=\"elementor-section elementor-top-section elementor-element elementor-element-2324 elementor-hidden-desktop elementor-hidden-tablet elementor-hidden-mobile elementor-section-boxed elementor-section-height-default elementor-section-height-default\" data-id=\"2324\" data-element_type=\"section\" data-settings=\"{&quot;background_background&quot;:&quot;classic&quot;}\">\n\t\t\t\t\t\t<div class=\"elementor-container elementor-column-gap-default\">\n\t\t\t\t\t<div class=\"elementor-column elementor-col-100 elementor-top-column elementor-element elementor-element-5668905 column-style-top\" data-id=\"5668905\" data-element_type=\"column\">\n\t\t\t<div class=\"elementor-widget-wrap elementor-element-populated\">\n\t\t\t\t\t\t<div class=\"elementor-element elementor-element-c299d15 elementor-widget elementor-widget-text-editor\" data-id=\"c299d15\" data-element_type=\"widget\" data-widget_type=\"text-editor.default\">\n\t\t\t\t\t\t\t\t\t<p data-start=\"150\" data-end=\"366\"><strong>Work permits<\/strong> that we arrange for you - quickly, transparently and in accordance with the law. We help with the employment of foreign citizens and take care of all the necessary documentation and communication with the competent institutions.<\/p><p data-start=\"368\" data-end=\"563\">Postopek vam razlo\u017eimo na preprost na\u010din, spremljamo vlogo od za\u010detka do konca in poskrbimo, da je zaposlitev zakonita in brez zapletov. Vi se osredoto\u010dite na delo, administracijo prepustite nam.<\/p>\t\t\t\t\t\t\t\t<\/div>\n\t\t\t\t\t<\/div>\n\t\t<\/div>\n\t\t\t\t\t<\/div>\n\t\t<\/section>\n\t\t\t\t<\/div>","protected":false},"excerpt":{"rendered":"<p>Delovno dovoljenje Delovna dovoljenja\u00a0uredimo namesto vas \u2013 hitro, pregledno in v skladu z zakonodajo. Pomagamo pri zaposlovanju tujih dr\u017eavljanov ter poskrbimo za vso potrebno dokumentacijo in komunikacijo s pristojnimi institucijami. [&hellip;]<\/p>","protected":false},"author":1,"featured_media":0,"parent":0,"menu_order":0,"comment_status":"closed","ping_status":"closed","template":"","meta":{"pagelayer_contact_templates":[],"_pagelayer_content":"","footnotes":""},"class_list":["post-9091","page","type-page","status-publish","hentry"],"_links":{"self":[{"href":"https:\/\/firma365.si\/en\/wp-json\/wp\/v2\/pages\/9091","targetHints":{"allow":["GET"]}}],"collection":[{"href":"https:\/\/firma365.si\/en\/wp-json\/wp\/v2\/pages"}],"about":[{"href":"https:\/\/firma365.si\/en\/wp-json\/wp\/v2\/types\/page"}],"author":[{"embeddable":true,"href":"https:\/\/firma365.si\/en\/wp-json\/wp\/v2\/users\/1"}],"replies":[{"embeddable":true,"href":"https:\/\/firma365.si\/en\/wp-json\/wp\/v2\/comments?post=9091"}],"version-history":[{"count":53,"href":"https:\/\/firma365.si\/en\/wp-json\/wp\/v2\/pages\/9091\/revisions"}],"predecessor-version":[{"id":10701,"href":"https:\/\/firma365.si\/en\/wp-json\/wp\/v2\/pages\/9091\/revisions\/10701"}],"wp:attachment":[{"href":"https:\/\/firma365.si\/en\/wp-json\/wp\/v2\/media?parent=9091"}],"curies":[{"name":"wp","href":"https:\/\/api.w.org\/{rel}","templated":true}]}}