{"id":9086,"date":"2026-01-14T20:44:46","date_gmt":"2026-01-14T19:44:46","guid":{"rendered":"https:\/\/firma365.si\/?page_id=9086"},"modified":"2026-02-02T20:35:16","modified_gmt":"2026-02-02T19:35:16","slug":"nakup-podjetja","status":"publish","type":"page","link":"https:\/\/firma365.si\/en\/nakup-podjetja\/","title":{"rendered":"Purchasing a company"},"content":{"rendered":"<div data-elementor-type=\"wp-post\" data-elementor-id=\"9086\" class=\"elementor elementor-9086\" data-elementor-post-type=\"page\">\n\t\t\t\t\t\t<section class=\"elementor-section elementor-top-section elementor-element elementor-element-a33755f elementor-section-boxed elementor-section-height-default elementor-section-height-default\" data-id=\"a33755f\" data-element_type=\"section\">\n\t\t\t\t\t\t<div class=\"elementor-container elementor-column-gap-default\">\n\t\t\t\t\t<div class=\"elementor-column elementor-col-100 elementor-top-column elementor-element elementor-element-5e2e25e column-style-top\" data-id=\"5e2e25e\" data-element_type=\"column\">\n\t\t\t<div class=\"elementor-widget-wrap elementor-element-populated\">\n\t\t\t\t\t\t<div class=\"elementor-element elementor-element-7c2100c elementor-widget elementor-widget-heading\" data-id=\"7c2100c\" data-element_type=\"widget\" data-widget_type=\"heading.default\">\n\t\t\t\t\t<h2 class=\"elementor-heading-title elementor-size-default\">Purchasing a company<\/h2>\t\t\t\t<\/div>\n\t\t\t\t<div class=\"elementor-element elementor-element-98ba4a1 elementor-widget elementor-widget-text-editor\" data-id=\"98ba4a1\" data-element_type=\"widget\" data-widget_type=\"text-editor.default\">\n\t\t\t\t\t\t\t\t\t<p data-start=\"204\" data-end=\"431\">Buying an already established company is a quick and efficient solution for those who want to start a business without lengthy incorporation procedures. We enable a safe and transparent purchase of a company with proper documentation and take care of the entire ownership transfer process.<\/p><p data-start=\"417\" data-end=\"652\">We also offer our customers support in the first steps after the purchase, to make the transition to business as easy as possible and without unnecessary complications. Our goal is that you can start working immediately and with confidence in the legal and business status of the company.<\/p>\t\t\t\t\t\t\t\t<\/div>\n\t\t\t\t\t<\/div>\n\t\t<\/div>\n\t\t\t\t\t<\/div>\n\t\t<\/section>\n\t\t\t\t<section class=\"elementor-section elementor-top-section elementor-element elementor-element-66c870f elementor-section-boxed elementor-section-height-default elementor-section-height-default\" data-id=\"66c870f\" data-element_type=\"section\">\n\t\t\t\t\t\t<div class=\"elementor-container elementor-column-gap-default\">\n\t\t\t\t\t<div class=\"elementor-column elementor-col-100 elementor-top-column elementor-element elementor-element-f1794b9 column-style-top\" data-id=\"f1794b9\" data-element_type=\"column\">\n\t\t\t<div class=\"elementor-widget-wrap elementor-element-populated\">\n\t\t\t\t\t\t<div class=\"elementor-element elementor-element-670b43a elementor-widget elementor-widget-wpforms\" data-id=\"670b43a\" data-element_type=\"widget\" data-widget_type=\"wpforms.default\">\n\t\t\t\t<div class=\"elementor-widget-container\">\n\t\t\t\t\t<div class=\"wpforms-container wpforms-container-full wpforms-render-modern\" id=\"wpforms-10519\"><form id=\"wpforms-form-10519\" class=\"wpforms-validate wpforms-form\" data-formid=\"10519\" method=\"post\" enctype=\"multipart\/form-data\" action=\"\/en\/wp-json\/wp\/v2\/pages\/9086\" data-token=\"d3ab499c48d4ff18ec30cc2fb26e8ce8\" data-token-time=\"1778026127\" data-trp-original-action=\"\/en\/wp-json\/wp\/v2\/pages\/9086\"><div class=\"wpforms-head-container\"><div class=\"wpforms-title\">What type of company do you require?<\/div><\/div><noscript class=\"wpforms-error-noscript\">Please enable JavaScript in your browser to complete this form.<\/noscript><div id=\"wpforms-error-noscript\" style=\"display: none;\">Please enable JavaScript in your browser to complete this form.<\/div><div class=\"wpforms-field-container\"><div id=\"wpforms-10519-field_1-container\" class=\"wpforms-field wpforms-field-name\" data-field-id=\"1\"><label class=\"wpforms-field-label\" for=\"wpforms-10519-field_1\">Your first and last name <span class=\"wpforms-required-label\" aria-hidden=\"true\">*<\/span><\/label><input type=\"text\" id=\"wpforms-10519-field_1\" class=\"wpforms-field-medium wpforms-field-required\" name=\"wpforms[fields][1]\" aria-errormessage=\"wpforms-10519-field_1-error\" required><\/div>\t\t<div id=\"wpforms-10519-field_3-container\"\n\t\t\tclass=\"wpforms-field wpforms-field-text\"\n\t\t\tdata-field-type=\"text\"\n\t\t\tdata-field-id=\"3\"\n\t\t\t>\n\t\t\t<label class=\"wpforms-field-label\" for=\"wpforms-10519-field_3\" >Vpra\u0161anje\/sporo\u010dilo ime starost<\/label>\n\t\t\t<input type=\"text\" id=\"wpforms-10519-field_3\" class=\"wpforms-field-medium\" name=\"wpforms[fields][3]\" >\n\t\t<\/div>\n\t\t<div id=\"wpforms-10519-field_2-container\" class=\"wpforms-field wpforms-field-email\" data-field-id=\"2\"><label class=\"wpforms-field-label\" for=\"wpforms-10519-field_2\">Your email <span class=\"wpforms-required-label\" aria-hidden=\"true\">*<\/span><\/label><input type=\"email\" id=\"wpforms-10519-field_2\" class=\"wpforms-field-medium wpforms-field-required\" name=\"wpforms[fields][2]\" spellcheck=\"false\" aria-errormessage=\"wpforms-10519-field_2-error\" required><\/div><div id=\"wpforms-10519-field_12-container\" class=\"wpforms-field wpforms-field-select wpforms-field-select-style-classic\" data-field-id=\"12\"><label class=\"wpforms-field-label\" for=\"wpforms-10519-field_12\">Select the desired company age<\/label><select id=\"wpforms-10519-field_12\" class=\"wpforms-field-medium\" name=\"wpforms[fields][12]\"><option value=\"Novo ustanovljeno podjetje\"  class=\"choice-1 depth-1\"  >A newly established company<\/option><option value=\"Podjetje, staro med 1-5 let\"  class=\"choice-2 depth-1\"  >Company between 1-5 years old<\/option><option value=\"Podjetje, staro 5+ let\"  class=\"choice-3 depth-1\"  >Company established 5+ years ago<\/option><\/select><\/div><div id=\"wpforms-10519-field_6-container\" class=\"wpforms-field wpforms-field-textarea\" data-field-id=\"6\"><label class=\"wpforms-field-label\" for=\"wpforms-10519-field_6\">Additional questions<\/label><textarea id=\"wpforms-10519-field_6\" class=\"wpforms-field-medium\" name=\"wpforms[fields][6]\" aria-errormessage=\"wpforms-10519-field_6-error\" ><\/textarea><\/div><script>\n\t\t\t\t( function() {\n\t\t\t\t\tconst style = document.createElement( 'style' );\n\t\t\t\t\tstyle.appendChild( document.createTextNode( '#wpforms-10519-field_3-container { position: absolute !important; overflow: hidden !important; display: inline !important; height: 1px !important; width: 1px !important; z-index: -1000 !important; padding: 0 !important; } #wpforms-10519-field_3-container input { visibility: hidden; } #wpforms-conversational-form-page #wpforms-10519-field_3-container label { counter-increment: none; }' ) );\n\t\t\t\t\tdocument.head.appendChild( style );\n\t\t\t\t\tdocument.currentScript?.remove();\n\t\t\t\t} )();\n\t\t\t<\/script><\/div><!-- .wpforms-field-container --><div class=\"wpforms-submit-container\" ><input type=\"hidden\" name=\"wpforms[id]\" value=\"10519\"><input type=\"hidden\" name=\"page_title\" value=\"\"><input type=\"hidden\" name=\"page_url\" value=\"https:\/\/firma365.si\/en\/wp-json\/wp\/v2\/pages\/9086\"><input type=\"hidden\" name=\"url_referer\" value=\"\"><button type=\"submit\" name=\"wpforms[submit]\" id=\"wpforms-submit-10519\" class=\"wpforms-submit\" data-alt-text=\"Po\u0161iljanje...\" data-submit-text=\"Po\u0161lji\" aria-live=\"assertive\" value=\"wpforms-submit\">Send<\/button><\/div><input type=\"hidden\" name=\"trp-form-language\" value=\"en\"\/><\/form><\/div>  <!-- .wpforms-container -->\t\t\t\t<\/div>\n\t\t\t\t<\/div>\n\t\t\t\t\t<\/div>\n\t\t<\/div>\n\t\t\t\t\t<\/div>\n\t\t<\/section>\n\t\t\t\t<section class=\"elementor-section elementor-top-section elementor-element elementor-element-5950943 elementor-hidden-desktop elementor-hidden-tablet elementor-hidden-mobile elementor-section-boxed elementor-section-height-default elementor-section-height-default\" data-id=\"5950943\" data-element_type=\"section\">\n\t\t\t\t\t\t<div class=\"elementor-container elementor-column-gap-default\">\n\t\t\t\t\t<div class=\"elementor-column elementor-col-100 elementor-top-column elementor-element elementor-element-f6ce7c3 column-style-top\" data-id=\"f6ce7c3\" data-element_type=\"column\">\n\t\t\t<div class=\"elementor-widget-wrap elementor-element-populated\">\n\t\t\t\t\t\t<div class=\"elementor-element elementor-element-f9d098a elementor-widget elementor-widget-gva-heading-block\" data-id=\"f9d098a\" data-element_type=\"widget\" data-widget_type=\"gva-heading-block.default\">\n\t\t\t\t<div class=\"elementor-widget-container\">\n\t\t\t\t\t<div class=\"gva-element-gva-heading-block gva-element\">   <div class=\"align-center style-1 widget gsc-heading\">\r\n      <div class=\"content-inner\">\r\n         \r\n                  \r\n           \r\n         \r\n                     <h2 class=\"title\">\r\n               <span>What type of company do you require?<\/span>\r\n            <\/h2>\r\n                  \r\n         \r\n      <\/div>\r\n   <\/div>\r\n   <div class=\"clearfix\"><\/div>\r\n<\/div>\t\t\t\t<\/div>\n\t\t\t\t<\/div>\n\t\t\t\t<div class=\"elementor-element elementor-element-ce15649 elementor-widget elementor-widget-shortcode\" data-id=\"ce15649\" data-element_type=\"widget\" data-widget_type=\"shortcode.default\">\n\t\t\t\t\t\t\t<div class=\"elementor-shortcode\">\n<div class=\"wpcf7 no-js\" id=\"wpcf7-f9799-o1\" lang=\"en-US\" dir=\"ltr\" data-wpcf7-id=\"9799\">\n<div class=\"screen-reader-response\"><p role=\"status\" aria-live=\"polite\" aria-atomic=\"true\"><\/p> <ul><\/ul><\/div>\n<form action=\"\/en\/wp-json\/wp\/v2\/pages\/9086#wpcf7-f9799-o1\" method=\"post\" class=\"wpcf7-form init\" aria-label=\"Contact form\" novalidate=\"novalidate\" data-status=\"init\" data-trp-original-action=\"\/en\/wp-json\/wp\/v2\/pages\/9086#wpcf7-f9799-o1\">\n<fieldset class=\"hidden-fields-container\"><input type=\"hidden\" name=\"_wpcf7\" value=\"9799\" \/><input type=\"hidden\" name=\"_wpcf7_version\" value=\"6.1.4\" \/><input type=\"hidden\" name=\"_wpcf7_locale\" value=\"en_US\" \/><input type=\"hidden\" name=\"_wpcf7_unit_tag\" value=\"wpcf7-f9799-o1\" \/><input type=\"hidden\" name=\"_wpcf7_container_post\" value=\"0\" \/><input type=\"hidden\" name=\"_wpcf7_posted_data_hash\" value=\"\" \/>\n<\/fieldset>\n<div class=\"row\">\n\t<div class=\"col-xl-6 col-lg-6 col-md-12 col-sm-12 col-xs-12\">\n\t\t<p><span class=\"wpcf7-form-control-wrap\" data-name=\"your-name\"><input size=\"40\" maxlength=\"400\" class=\"wpcf7-form-control wpcf7-text wpcf7-validates-as-required\" aria-required=\"true\" aria-invalid=\"false\" placeholder=\"Name\" value=\"\" type=\"text\" name=\"your-name\" \/><\/span>\n\t\t<\/p>\n\t<\/div>\n\t<div class=\"col-xl-6 col-lg-6 col-md-12 col-sm-12 col-xs-12\">\n\t\t<p><span class=\"wpcf7-form-control-wrap\" data-name=\"your-email\"><input size=\"40\" maxlength=\"400\" class=\"wpcf7-form-control wpcf7-email wpcf7-validates-as-required wpcf7-text wpcf7-validates-as-email\" aria-required=\"true\" aria-invalid=\"false\" placeholder=\"Email *\" value=\"\" type=\"email\" name=\"your-email\" \/><\/span>\n\t\t<\/p>\n\t<\/div>\n<\/div>\n<div class=\"row\">\n\t<div class=\"col-xl-6 col-lg-6 col-md-12 col-sm-12 col-xs-12\">\n\t\t<p><span class=\"wpcf7-form-control-wrap\" data-name=\"your-phone\"><input size=\"40\" maxlength=\"400\" class=\"wpcf7-form-control wpcf7-text\" aria-invalid=\"false\" placeholder=\"Phone\" value=\"\" type=\"text\" name=\"your-phone\" \/><\/span>\n\t\t<\/p>\n\t<\/div>\n\t<div class=\"col-xl-6 col-lg-6 col-md-12 col-sm-12 col-xs-12\">\n\t\t<p><span class=\"wpcf7-form-control-wrap\" data-name=\"company_size\"><select class=\"wpcf7-form-control wpcf7-select\" aria-invalid=\"false\" name=\"company_size\"><option value=\"Izberite \u017eeljeno starost podjetja\">Select the desired company age<\/option><option value=\"Novo\">Novo<\/option><option value=\"Starost podjetja od 1 do 5 let\">Starost podjetja od 1 do 5 let<\/option><option value=\"Starost podjetja 5 ali ve\u010d let\">Starost podjetja 5 ali ve\u010d let<\/option><\/select><\/span>\n\t\t<\/p>\n\t<\/div>\n<\/div>\n<div class=\"row\">\n\t<div class=\"col-sm-12 col-xs-12\">\n\t\t<p><span class=\"wpcf7-form-control-wrap\" data-name=\"rows:4\"><textarea cols=\"40\" rows=\"10\" maxlength=\"2000\" class=\"wpcf7-form-control wpcf7-textarea\" aria-invalid=\"false\" placeholder=\"Message\" name=\"rows:4\"><\/textarea><\/span>\n\t\t<\/p>\n\t<\/div>\n\t<div class=\"col-sm-12 col-xs-12 action text-left\">\n\t\t<p><input class=\"wpcf7-form-control wpcf7-submit has-spinner\" type=\"submit\" value=\"Send\" \/>\n\t\t<\/p>\n\t<\/div>\n<\/div><input type='hidden' class='wpcf7-pum' value='{\"closepopup\":false,\"closedelay\":0,\"openpopup\":false,\"openpopup_id\":0}' \/><div class=\"wpcf7-response-output\" aria-hidden=\"true\"><\/div>\n<input type=\"hidden\" name=\"trp-form-language\" value=\"en\"\/><\/form>\n<\/div>\n<\/div>\n\t\t\t\t\t\t<\/div>\n\t\t\t\t\t<\/div>\n\t\t<\/div>\n\t\t\t\t\t<\/div>\n\t\t<\/section>\n\t\t\t\t<section class=\"elementor-section elementor-top-section elementor-element elementor-element-378af51 elementor-section-boxed elementor-section-height-default elementor-section-height-default\" data-id=\"378af51\" data-element_type=\"section\">\n\t\t\t\t\t\t<div class=\"elementor-container elementor-column-gap-default\">\n\t\t\t\t\t<div class=\"elementor-column elementor-col-100 elementor-top-column elementor-element elementor-element-114522c column-style-top\" data-id=\"114522c\" data-element_type=\"column\">\n\t\t\t<div class=\"elementor-widget-wrap elementor-element-populated\">\n\t\t\t\t\t\t<div class=\"elementor-element elementor-element-6842494 elementor-widget elementor-widget-gva-heading-block\" data-id=\"6842494\" data-element_type=\"widget\" data-widget_type=\"gva-heading-block.default\">\n\t\t\t\t<div class=\"elementor-widget-container\">\n\t\t\t\t\t<div class=\"gva-element-gva-heading-block gva-element\">   <div class=\"align-center style-1 widget gsc-heading\">\r\n      <div class=\"content-inner\">\r\n         \r\n                  \r\n           \r\n         \r\n                     <h2 class=\"title\">\r\n               <span>Skip founding. <br>\nBuy your business today and \n<br>start working!<\/span>\r\n            <\/h2>\r\n                  \r\n         \r\n      <\/div>\r\n   <\/div>\r\n   <div class=\"clearfix\"><\/div>\r\n<\/div>\t\t\t\t<\/div>\n\t\t\t\t<\/div>\n\t\t\t\t<div class=\"elementor-element elementor-element-af2d0bc elementor-widget elementor-widget-gva-rev-slider\" data-id=\"af2d0bc\" data-element_type=\"widget\" data-widget_type=\"gva-rev-slider.default\">\n\t\t\t\t<div class=\"elementor-widget-container\">\n\t\t\t\t\t<div class=\"gva-element-gva-rev-slider gva-element\">\n\t\t\t\t<p class=\"rs-p-wp-fix\"><\/p>\n\t\t\t\t<sr7-module data-alias=\"slider-2\" data-id=\"2\" id=\"SR7_2_1\" class=\"rs-ov-hidden\" data-version=\"6.7.40\">\n\t\t\t\t\t<sr7-adjuster><\/sr7-adjuster>\n\t\t\t\t\t<sr7-content>\n\t\t\t\t\t\t<sr7-slide id=\"SR7_2_1-3\" data-key=\"3\">\n\t\t\t\t\t\t\t<sr7-bg id=\"SR7_2_1-3-36\" class=\"sr7-layer\"><noscript><img decoding=\"async\" src=\"https:\/\/firma365.si\/wp-content\/uploads\/2026\/01\/tyler-franta-iusJ25iYu1c-unsplash-scaled.jpg\" alt=\"virtualna pisarna firma 365\" title=\"virtualna pisarna firma 365\"><\/noscript><\/sr7-bg>\n\t\t\t\t\t\t\t<a id=\"SR7_2_1-3-12\" class=\"sr7-layer\" href=\"https:\/\/twitter.com\/envato\/\" target=\"_blank\" rel=\"nofollow noopener\">Twitter<\/a>\n\t\t\t\t\t\t\t<a id=\"SR7_2_1-3-13\" class=\"sr7-layer\" href=\"https:\/\/www.linkedin.com\/envato\" target=\"_blank\" rel=\"nofollow noopener\"> Linkedin<\/a>\n\t\t\t\t\t\t\t<a id=\"SR7_2_1-3-16\" class=\"sr7-layer\" href=\"https:\/\/www.facebook.com\/envato\/\" target=\"_blank\" rel=\"nofollow noopener\">Facebook<\/a>\n\t\t\t\t\t\t\t<a id=\"SR7_2_1-3-20\" class=\"sr7-layer\" href=\"https:\/\/www.gavias-theme.com\/wp\/codesk\/?page_id=7247\" target=\"_self\" rel=\"nofollow\">Start<\/a>\n\t\t\t\t\t\t\t<sr7-txt id=\"SR7_2_1-3-26\" class=\"sr7-layer\">Nulla vel tempus diam nunc vulputate, quam sit amet <br \/>\ncommodo enim lorem scelerisque massa.<\/sr7-txt>\n\t\t\t\t\t\t\t<sr7-txt id=\"SR7_2_1-3-35\" class=\"sr7-layer\">Big conference <span class=\"text-theme\">&<\/span><br \/>\nmeeting rooms<\/sr7-txt>\n\t\t\t\t\t\t<\/sr7-slide>\n\t\t\t\t\t\t<sr7-slide id=\"SR7_2_1-26\" data-key=\"26\">\n\t\t\t\t\t\t<\/sr7-slide>\n\t\t\t\t\t<\/sr7-content>\n\t\t\t\t\t<image_lists style=\"display:none\">\n\t\t\t\t\t\t<img data-src=\"\/\/firma365.si\/wp-content\/uploads\/2026\/01\/tyler-franta-iusJ25iYu1c-unsplash-scaled.jpg\" data-libid=\"9487\" data-lib=\"medialibrary\" alt=\"virtualna pisarna firma 365\" title=\"virtualna pisarna firma 365\" width=\"0\" height=\"0\" data-dbsrc=\"Ly9maXJtYTM2NS5zaS93cC1jb250ZW50L3VwbG9hZHMvMjAyNi8wMS90eWxlci1mcmFudGEtaXVzSjI1aVl1MWMtdW5zcGxhc2gtc2NhbGVkLmpwZw==\"\/>\n\t\t\t\t\t\t<img data-src=\"\/\/firma365.si\/wp-content\/uploads\/2015\/12\/slider-icon.png\" data-libid=\"7245\" alt=\"slider-icon\" title=\"slider-icon\" width=\"0\" height=\"0\" data-dbsrc=\"Ly9maXJtYTM2NS5zaS93cC1jb250ZW50L3VwbG9hZHMvMjAxNS8xMi9zbGlkZXItaWNvbi5wbmc=\"\/>\n\t\t\t\t\t\t<img data-src=\"\/\/firma365.si\/wp-content\/uploads\/revslider\/slider-2\/slider-41.jpg\" data-libid=\"8235\" title=\"slider-41.jpg\" width=\"0\" height=\"0\" data-dbsrc=\"Ly9maXJtYTM2NS5zaS93cC1jb250ZW50L3VwbG9hZHMvcmV2c2xpZGVyL3NsaWRlci0yL3NsaWRlci00MS5qcGc=\"\/>\n\t\t\t\t\t<\/image_lists>\n\t\t\t\t<\/sr7-module>\n\t\t\t\t<script>\n\t\t\t\t\tSR7.PMH ??={}; SR7.PMH[\"SR7_2_1\"] = {cn:100,state:false,fn: function() { if (_tpt!==undefined && _tpt.prepareModuleHeight !== undefined) {  _tpt.prepareModuleHeight({id:\"SR7_2_1\",el:[920,920,920,580,440],type:'standard',shdw:'0',gh:[920,920,920,580,440],gw:[1170,1170,1170,778,480],vpt:['-100px&#039;,&#039;-100px&#039;,&#039;-100px&#039;,&#039;-100px&#039;,&#039;-100px'],size:{fullWidth:false, fullHeight:false},mh:'0',onh:0,onw:0,bg:{color:'{\"orig\":\"transparent\",\"type\":\"solid\",\"string\":\"transparent\"}'},plType:'0',plColor:'#FFFFFF'});   SR7.PMH[\"SR7_2_1\"].state=true;} else if(SR7.PMH[\"SR7_2_1\"].cn-->0)\tsetTimeout( SR7.PMH[\"SR7_2_1\"].fn,19);}};SR7.PMH[\"SR7_2_1\" ].fn();\n\t\t\t\t<\/script>\n<\/div>\t\t\t\t<\/div>\n\t\t\t\t<\/div>\n\t\t\t\t\t<\/div>\n\t\t<\/div>\n\t\t\t\t\t<\/div>\n\t\t<\/section>\n\t\t\t\t<section class=\"elementor-section elementor-top-section elementor-element elementor-element-3afae5f elementor-hidden-desktop elementor-hidden-tablet elementor-hidden-mobile elementor-section-boxed elementor-section-height-default elementor-section-height-default\" data-id=\"3afae5f\" data-element_type=\"section\" data-settings=\"{&quot;background_background&quot;:&quot;classic&quot;}\">\n\t\t\t\t\t\t<div class=\"elementor-container elementor-column-gap-default\">\n\t\t\t\t\t<div class=\"elementor-column elementor-col-100 elementor-top-column elementor-element elementor-element-fcbcb64 column-style-top\" data-id=\"fcbcb64\" data-element_type=\"column\">\n\t\t\t<div class=\"elementor-widget-wrap elementor-element-populated\">\n\t\t\t\t\t\t<div class=\"elementor-element elementor-element-66085f4 elementor-widget elementor-widget-gva-call-to-action\" data-id=\"66085f4\" data-element_type=\"widget\" data-widget_type=\"gva-call-to-action.default\">\n\t\t\t\t<div class=\"elementor-widget-container\">\n\t\t\t\t\t<div class=\"gva-element-gva-call-to-action gva-element\">\r\n   <div class=\"button-right widget gsc-call-to-action\">\r\n      <div class=\"content-inner clearfix\" >\r\n         <div class=\"content\">\r\n                           <h2 class=\"title\">\r\n                  <span>Let's make a difference! Donate our campaign.<\/span>\r\n               <\/h2>\r\n                                             <\/div>\r\n                     <div class=\"button-action\">\r\n                       <a href=\"#\" class=\"btn-theme btn-cta\">\r\n          <span>Discover More<\/span>\r\n        <\/a>\r\n\r\n                    <\/div>\r\n               <\/div>\r\n   <\/div>\r\n<\/div>\t\t\t\t<\/div>\n\t\t\t\t<\/div>\n\t\t\t\t\t<\/div>\n\t\t<\/div>\n\t\t\t\t\t<\/div>\n\t\t<\/section>\n\t\t\t\t<\/div>","protected":false},"excerpt":{"rendered":"<p>Nakup podjetja Nakup \u017ee ustanovljenega podjetja\u00a0predstavlja hitro in u\u010dinkovito re\u0161itev za tiste, ki \u017eelijo za\u010deti poslovati brez dolgotrajnih postopkov ustanavljanja. Omogo\u010damo varen in pregleden nakup podjetja z urejeno dokumentacijo ter [&hellip;]<\/p>","protected":false},"author":1,"featured_media":0,"parent":0,"menu_order":0,"comment_status":"closed","ping_status":"closed","template":"","meta":{"pagelayer_contact_templates":[],"_pagelayer_content":"","footnotes":""},"class_list":["post-9086","page","type-page","status-publish","hentry"],"_links":{"self":[{"href":"https:\/\/firma365.si\/en\/wp-json\/wp\/v2\/pages\/9086","targetHints":{"allow":["GET"]}}],"collection":[{"href":"https:\/\/firma365.si\/en\/wp-json\/wp\/v2\/pages"}],"about":[{"href":"https:\/\/firma365.si\/en\/wp-json\/wp\/v2\/types\/page"}],"author":[{"embeddable":true,"href":"https:\/\/firma365.si\/en\/wp-json\/wp\/v2\/users\/1"}],"replies":[{"embeddable":true,"href":"https:\/\/firma365.si\/en\/wp-json\/wp\/v2\/comments?post=9086"}],"version-history":[{"count":95,"href":"https:\/\/firma365.si\/en\/wp-json\/wp\/v2\/pages\/9086\/revisions"}],"predecessor-version":[{"id":10532,"href":"https:\/\/firma365.si\/en\/wp-json\/wp\/v2\/pages\/9086\/revisions\/10532"}],"wp:attachment":[{"href":"https:\/\/firma365.si\/en\/wp-json\/wp\/v2\/media?parent=9086"}],"curies":[{"name":"wp","href":"https:\/\/api.w.org\/{rel}","templated":true}]}}