{"id":10088,"date":"2026-01-29T19:36:45","date_gmt":"2026-01-29T18:36:45","guid":{"rendered":"https:\/\/firma365.si\/?page_id=10088"},"modified":"2026-02-02T20:40:17","modified_gmt":"2026-02-02T19:40:17","slug":"odpiranje-podjetja","status":"publish","type":"page","link":"https:\/\/firma365.si\/en\/odpiranje-podjetja\/","title":{"rendered":"Opening a company"},"content":{"rendered":"<div data-elementor-type=\"wp-post\" data-elementor-id=\"10088\" class=\"elementor elementor-10088\" data-elementor-post-type=\"page\">\n\t\t\t\t\t\t<section class=\"elementor-section elementor-top-section elementor-element elementor-element-a33755f elementor-section-boxed elementor-section-height-default elementor-section-height-default\" data-id=\"a33755f\" data-element_type=\"section\">\n\t\t\t\t\t\t<div class=\"elementor-container elementor-column-gap-default\">\n\t\t\t\t\t<div class=\"elementor-column elementor-col-100 elementor-top-column elementor-element elementor-element-5e2e25e column-style-top\" data-id=\"5e2e25e\" data-element_type=\"column\">\n\t\t\t<div class=\"elementor-widget-wrap elementor-element-populated\">\n\t\t\t\t\t\t<div class=\"elementor-element elementor-element-7c2100c elementor-widget elementor-widget-heading\" data-id=\"7c2100c\" data-element_type=\"widget\" data-widget_type=\"heading.default\">\n\t\t\t\t\t<h2 class=\"elementor-heading-title elementor-size-default\">Opening a company<\/h2>\t\t\t\t<\/div>\n\t\t\t\t<div class=\"elementor-element elementor-element-98ba4a1 elementor-widget elementor-widget-text-editor\" data-id=\"98ba4a1\" data-element_type=\"widget\" data-widget_type=\"text-editor.default\">\n\t\t\t\t\t\t\t\t\t<p data-start=\"227\" data-end=\"460\">Starting a business in Slovenia is a relatively quick process, but it requires some key decisions and the right sequence of steps. A good start means fewer complications later, so it is important to understand what awaits you from the beginning.<\/p><hr data-start=\"462\" data-end=\"465\" \/><h4 data-start=\"467\" data-end=\"499\">The process of opening a business<\/h4><p data-start=\"500\" data-end=\"865\">The first step is to choose the appropriate business form. Most often, entrepreneurs choose an <strong data-start=\"586\" data-end=\"617\">s.p. (self-employment)<\/strong> or a <strong data-start=\"622\" data-end=\"665\">d.o.o. (limited liability company)<\/strong>.<\/p><p data-start=\"909\" data-end=\"945\">Before registrering, it is necessary to determine the company name, registered office, activities (SKD codes), and the date of commencement of operations. For a d.o.o., initial share capital (\u20ac7,500) is also required, while for an s.p., it is not.<\/p><p data-start=\"1146\" data-end=\"1374\">The company registers at <strong data-start=\"1172\" data-end=\"1186\">SPOT<\/strong> (in person or electronically). For a limited liability company (d.o.o.), the procedure is slightly longer due to the articles of incorporation and registration in the court register.<\/p><p data-start=\"1416\" data-end=\"1502\">Registration does not end the process. For opening a company, it is necessary to arrange a business bank account, tax regulations (e.g., standardized or classic s.p.), mandatory insurance, taxes and accounting. These are the steps where we offer full support for a successful start of your business.<\/p><p data-start=\"1794\" data-end=\"2026\">When a company starts operating, regular obligations arise: submitting reports, paying taxes and contributions, and maintaining documentation. These processes are essential for a sucessfull and trouble free operation of your business.<\/p><hr data-start=\"2028\" data-end=\"2031\" \/><h4 data-start=\"467\" data-end=\"499\">Why professional help is useful<\/h4><p data-start=\"2073\" data-end=\"2202\">Although the process of starting a business is formal, in practice questions and dilemmas often arise. Professional support helps you choose the right business form, properly arrange taxes and obligations, and start your business with a solid foundation.<\/p>\t\t\t\t\t\t\t\t<\/div>\n\t\t\t\t\t<\/div>\n\t\t<\/div>\n\t\t\t\t\t<\/div>\n\t\t<\/section>\n\t\t\t\t<section class=\"elementor-section elementor-top-section elementor-element elementor-element-1f14b05 elementor-section-boxed elementor-section-height-default elementor-section-height-default\" data-id=\"1f14b05\" data-element_type=\"section\">\n\t\t\t\t\t\t<div class=\"elementor-container elementor-column-gap-default\">\n\t\t\t\t\t<div class=\"elementor-column elementor-col-100 elementor-top-column elementor-element elementor-element-505b186 column-style-top\" data-id=\"505b186\" data-element_type=\"column\">\n\t\t\t<div class=\"elementor-widget-wrap elementor-element-populated\">\n\t\t\t\t\t\t<div class=\"elementor-element elementor-element-73aa19f elementor-widget elementor-widget-wpforms\" data-id=\"73aa19f\" data-element_type=\"widget\" data-widget_type=\"wpforms.default\">\n\t\t\t\t<div class=\"elementor-widget-container\">\n\t\t\t\t\t<div class=\"wpforms-container wpforms-container-full wpforms-render-modern\" id=\"wpforms-10533\"><form id=\"wpforms-form-10533\" class=\"wpforms-validate wpforms-form\" data-formid=\"10533\" method=\"post\" enctype=\"multipart\/form-data\" action=\"\/en\/wp-json\/wp\/v2\/pages\/10088\" data-token=\"bda49945e5f21a48dab575a30c057def\" data-token-time=\"1778031252\" data-trp-original-action=\"\/en\/wp-json\/wp\/v2\/pages\/10088\"><div class=\"wpforms-head-container\"><div class=\"wpforms-title\">Would you like to open a d.o.o. or an s.p.?<\/div><\/div><noscript class=\"wpforms-error-noscript\">Please enable JavaScript in your browser to complete this form.<\/noscript><div id=\"wpforms-error-noscript\" style=\"display: none;\">Please enable JavaScript in your browser to complete this form.<\/div><div class=\"wpforms-field-container\"><div id=\"wpforms-10533-field_1-container\" class=\"wpforms-field wpforms-field-name\" data-field-id=\"1\"><label class=\"wpforms-field-label\" for=\"wpforms-10533-field_1\">Your first and last name <span class=\"wpforms-required-label\" aria-hidden=\"true\">*<\/span><\/label><input type=\"text\" id=\"wpforms-10533-field_1\" class=\"wpforms-field-medium wpforms-field-required\" name=\"wpforms[fields][1]\" aria-errormessage=\"wpforms-10533-field_1-error\" required><\/div><div id=\"wpforms-10533-field_2-container\" class=\"wpforms-field wpforms-field-email\" data-field-id=\"2\"><label class=\"wpforms-field-label\" for=\"wpforms-10533-field_2\">Your email <span class=\"wpforms-required-label\" aria-hidden=\"true\">*<\/span><\/label><input type=\"email\" id=\"wpforms-10533-field_2\" class=\"wpforms-field-medium wpforms-field-required\" name=\"wpforms[fields][2]\" spellcheck=\"false\" aria-errormessage=\"wpforms-10533-field_2-error\" required><\/div>\t\t<div id=\"wpforms-10533-field_3-container\"\n\t\t\tclass=\"wpforms-field wpforms-field-text\"\n\t\t\tdata-field-type=\"text\"\n\t\t\tdata-field-id=\"3\"\n\t\t\t>\n\t\t\t<label class=\"wpforms-field-label\" for=\"wpforms-10533-field_3\" >navadni normirani Va\u0161<\/label>\n\t\t\t<input type=\"text\" id=\"wpforms-10533-field_3\" class=\"wpforms-field-medium\" name=\"wpforms[fields][3]\" >\n\t\t<\/div>\n\t\t<div id=\"wpforms-10533-field_12-container\" class=\"wpforms-field wpforms-field-select wpforms-field-select-style-classic\" data-field-id=\"12\"><label class=\"wpforms-field-label\" for=\"wpforms-10533-field_12\">Choose the type of company<\/label><select id=\"wpforms-10533-field_12\" class=\"wpforms-field-medium\" name=\"wpforms[fields][12]\"><option value=\"d.o.o. - dru\u017eba z omejeno odgovornostjo\"  class=\"choice-1 depth-1\"  >d.o.o. - limited liability company<\/option><option value=\"normirani s.p. - samostojni podjetnik\"  class=\"choice-2 depth-1\"  >Flat-rate sole proprietor \/ sole trader (normirani s.p.)<\/option><option value=\"navadni s.p. - samostojni podjetnik\"  class=\"choice-3 depth-1\"  >Regular sole proprietor \/ sole trader (navadni s.p.)<\/option><\/select><\/div><div id=\"wpforms-10533-field_6-container\" class=\"wpforms-field wpforms-field-textarea\" data-field-id=\"6\"><label class=\"wpforms-field-label\" for=\"wpforms-10533-field_6\">Additional questions<\/label><textarea id=\"wpforms-10533-field_6\" class=\"wpforms-field-medium\" name=\"wpforms[fields][6]\" aria-errormessage=\"wpforms-10533-field_6-error\" ><\/textarea><\/div><script>\n\t\t\t\t( function() {\n\t\t\t\t\tconst style = document.createElement( 'style' );\n\t\t\t\t\tstyle.appendChild( document.createTextNode( '#wpforms-10533-field_3-container { position: absolute !important; overflow: hidden !important; display: inline !important; height: 1px !important; width: 1px !important; z-index: -1000 !important; padding: 0 !important; } #wpforms-10533-field_3-container input { visibility: hidden; } #wpforms-conversational-form-page #wpforms-10533-field_3-container label { counter-increment: none; }' ) );\n\t\t\t\t\tdocument.head.appendChild( style );\n\t\t\t\t\tdocument.currentScript?.remove();\n\t\t\t\t} )();\n\t\t\t<\/script><\/div><!-- .wpforms-field-container --><div class=\"wpforms-submit-container\" ><input type=\"hidden\" name=\"wpforms[id]\" value=\"10533\"><input type=\"hidden\" name=\"page_title\" value=\"\"><input type=\"hidden\" name=\"page_url\" value=\"https:\/\/firma365.si\/en\/wp-json\/wp\/v2\/pages\/10088\"><input type=\"hidden\" name=\"url_referer\" value=\"\"><button type=\"submit\" name=\"wpforms[submit]\" id=\"wpforms-submit-10533\" class=\"wpforms-submit\" data-alt-text=\"Po\u0161iljanje...\" data-submit-text=\"Po\u0161lji\" aria-live=\"assertive\" value=\"wpforms-submit\">Send<\/button><\/div><input type=\"hidden\" name=\"trp-form-language\" value=\"en\"\/><\/form><\/div>  <!-- .wpforms-container -->\t\t\t\t<\/div>\n\t\t\t\t<\/div>\n\t\t\t\t\t<\/div>\n\t\t<\/div>\n\t\t\t\t\t<\/div>\n\t\t<\/section>\n\t\t\t\t<section class=\"elementor-section elementor-top-section elementor-element elementor-element-5950943 elementor-hidden-desktop elementor-hidden-tablet elementor-hidden-mobile elementor-section-boxed elementor-section-height-default elementor-section-height-default\" data-id=\"5950943\" data-element_type=\"section\">\n\t\t\t\t\t\t<div class=\"elementor-container elementor-column-gap-default\">\n\t\t\t\t\t<div class=\"elementor-column elementor-col-100 elementor-top-column elementor-element elementor-element-f6ce7c3 column-style-top\" data-id=\"f6ce7c3\" data-element_type=\"column\">\n\t\t\t<div class=\"elementor-widget-wrap elementor-element-populated\">\n\t\t\t\t\t\t<div class=\"elementor-element elementor-element-f9d098a elementor-widget elementor-widget-gva-heading-block\" data-id=\"f9d098a\" data-element_type=\"widget\" data-widget_type=\"gva-heading-block.default\">\n\t\t\t\t<div class=\"elementor-widget-container\">\n\t\t\t\t\t<div class=\"gva-element-gva-heading-block gva-element\">   <div class=\"align-center style-1 widget gsc-heading\">\r\n      <div class=\"content-inner\">\r\n         \r\n                  \r\n           \r\n         \r\n                     <h2 class=\"title\">\r\n               <span>What type of business are you opening?<\/span>\r\n            <\/h2>\r\n                  \r\n         \r\n      <\/div>\r\n   <\/div>\r\n   <div class=\"clearfix\"><\/div>\r\n<\/div>\t\t\t\t<\/div>\n\t\t\t\t<\/div>\n\t\t\t\t<div class=\"elementor-element elementor-element-ce15649 elementor-widget elementor-widget-shortcode\" data-id=\"ce15649\" data-element_type=\"widget\" data-widget_type=\"shortcode.default\">\n\t\t\t\t\t\t\t<div class=\"elementor-shortcode\">\n<div class=\"wpcf7 no-js\" id=\"wpcf7-f9799-o1\" lang=\"en-US\" dir=\"ltr\" data-wpcf7-id=\"9799\">\n<div class=\"screen-reader-response\"><p role=\"status\" aria-live=\"polite\" aria-atomic=\"true\"><\/p> <ul><\/ul><\/div>\n<form action=\"\/en\/wp-json\/wp\/v2\/pages\/10088#wpcf7-f9799-o1\" method=\"post\" class=\"wpcf7-form init\" aria-label=\"Contact form\" novalidate=\"novalidate\" data-status=\"init\" data-trp-original-action=\"\/en\/wp-json\/wp\/v2\/pages\/10088#wpcf7-f9799-o1\">\n<fieldset class=\"hidden-fields-container\"><input type=\"hidden\" name=\"_wpcf7\" value=\"9799\" \/><input type=\"hidden\" name=\"_wpcf7_version\" value=\"6.1.4\" \/><input type=\"hidden\" name=\"_wpcf7_locale\" value=\"en_US\" \/><input type=\"hidden\" name=\"_wpcf7_unit_tag\" value=\"wpcf7-f9799-o1\" \/><input type=\"hidden\" name=\"_wpcf7_container_post\" value=\"0\" \/><input type=\"hidden\" name=\"_wpcf7_posted_data_hash\" value=\"\" \/>\n<\/fieldset>\n<div class=\"row\">\n\t<div class=\"col-xl-6 col-lg-6 col-md-12 col-sm-12 col-xs-12\">\n\t\t<p><span class=\"wpcf7-form-control-wrap\" data-name=\"your-name\"><input size=\"40\" maxlength=\"400\" class=\"wpcf7-form-control wpcf7-text wpcf7-validates-as-required\" aria-required=\"true\" aria-invalid=\"false\" placeholder=\"Name\" value=\"\" type=\"text\" name=\"your-name\" \/><\/span>\n\t\t<\/p>\n\t<\/div>\n\t<div class=\"col-xl-6 col-lg-6 col-md-12 col-sm-12 col-xs-12\">\n\t\t<p><span class=\"wpcf7-form-control-wrap\" data-name=\"your-email\"><input size=\"40\" maxlength=\"400\" class=\"wpcf7-form-control wpcf7-email wpcf7-validates-as-required wpcf7-text wpcf7-validates-as-email\" aria-required=\"true\" aria-invalid=\"false\" placeholder=\"Email *\" value=\"\" type=\"email\" name=\"your-email\" \/><\/span>\n\t\t<\/p>\n\t<\/div>\n<\/div>\n<div class=\"row\">\n\t<div class=\"col-xl-6 col-lg-6 col-md-12 col-sm-12 col-xs-12\">\n\t\t<p><span class=\"wpcf7-form-control-wrap\" data-name=\"your-phone\"><input size=\"40\" maxlength=\"400\" class=\"wpcf7-form-control wpcf7-text\" aria-invalid=\"false\" placeholder=\"Phone\" value=\"\" type=\"text\" name=\"your-phone\" \/><\/span>\n\t\t<\/p>\n\t<\/div>\n\t<div class=\"col-xl-6 col-lg-6 col-md-12 col-sm-12 col-xs-12\">\n\t\t<p><span class=\"wpcf7-form-control-wrap\" data-name=\"company_size\"><select class=\"wpcf7-form-control wpcf7-select\" aria-invalid=\"false\" name=\"company_size\"><option value=\"Izberite \u017eeljeno starost podjetja\">Select the desired company age<\/option><option value=\"Novo\">Novo<\/option><option value=\"Starost podjetja od 1 do 5 let\">Starost podjetja od 1 do 5 let<\/option><option value=\"Starost podjetja 5 ali ve\u010d let\">Starost podjetja 5 ali ve\u010d let<\/option><\/select><\/span>\n\t\t<\/p>\n\t<\/div>\n<\/div>\n<div class=\"row\">\n\t<div class=\"col-sm-12 col-xs-12\">\n\t\t<p><span class=\"wpcf7-form-control-wrap\" data-name=\"rows:4\"><textarea cols=\"40\" rows=\"10\" maxlength=\"2000\" class=\"wpcf7-form-control wpcf7-textarea\" aria-invalid=\"false\" placeholder=\"Message\" name=\"rows:4\"><\/textarea><\/span>\n\t\t<\/p>\n\t<\/div>\n\t<div class=\"col-sm-12 col-xs-12 action text-left\">\n\t\t<p><input class=\"wpcf7-form-control wpcf7-submit has-spinner\" type=\"submit\" value=\"Send\" \/>\n\t\t<\/p>\n\t<\/div>\n<\/div><input type='hidden' class='wpcf7-pum' value='{\"closepopup\":false,\"closedelay\":0,\"openpopup\":false,\"openpopup_id\":0}' \/><div class=\"wpcf7-response-output\" aria-hidden=\"true\"><\/div>\n<input type=\"hidden\" name=\"trp-form-language\" value=\"en\"\/><\/form>\n<\/div>\n<\/div>\n\t\t\t\t\t\t<\/div>\n\t\t\t\t\t<\/div>\n\t\t<\/div>\n\t\t\t\t\t<\/div>\n\t\t<\/section>\n\t\t\t\t<section class=\"elementor-section elementor-top-section elementor-element elementor-element-378af51 elementor-section-boxed elementor-section-height-default elementor-section-height-default\" data-id=\"378af51\" data-element_type=\"section\">\n\t\t\t\t\t\t<div class=\"elementor-container elementor-column-gap-default\">\n\t\t\t\t\t<div class=\"elementor-column elementor-col-100 elementor-top-column elementor-element elementor-element-114522c column-style-top\" data-id=\"114522c\" data-element_type=\"column\">\n\t\t\t<div class=\"elementor-widget-wrap elementor-element-populated\">\n\t\t\t\t\t\t<div class=\"elementor-element elementor-element-6842494 elementor-hidden-desktop elementor-hidden-tablet elementor-hidden-mobile elementor-widget elementor-widget-gva-heading-block\" data-id=\"6842494\" data-element_type=\"widget\" data-widget_type=\"gva-heading-block.default\">\n\t\t\t\t<div class=\"elementor-widget-container\">\n\t\t\t\t\t<div class=\"gva-element-gva-heading-block gva-element\">   <div class=\"align-center style-1 widget gsc-heading\">\r\n      <div class=\"content-inner\">\r\n         \r\n                  \r\n           \r\n         \r\n                     <h2 class=\"title\">\r\n               <span>Skip founding. <br>\nBuy your business today and \n<br>start working!<\/span>\r\n            <\/h2>\r\n                  \r\n         \r\n      <\/div>\r\n   <\/div>\r\n   <div class=\"clearfix\"><\/div>\r\n<\/div>\t\t\t\t<\/div>\n\t\t\t\t<\/div>\n\t\t\t\t<div class=\"elementor-element elementor-element-af2d0bc elementor-widget elementor-widget-gva-rev-slider\" data-id=\"af2d0bc\" data-element_type=\"widget\" data-widget_type=\"gva-rev-slider.default\">\n\t\t\t\t<div class=\"elementor-widget-container\">\n\t\t\t\t\t<div class=\"gva-element-gva-rev-slider gva-element\">\n\t\t\t\t<p class=\"rs-p-wp-fix\"><\/p>\n\t\t\t\t<sr7-module data-alias=\"slider-2\" data-id=\"2\" id=\"SR7_2_1\" class=\"rs-ov-hidden\" data-version=\"6.7.40\">\n\t\t\t\t\t<sr7-adjuster><\/sr7-adjuster>\n\t\t\t\t\t<sr7-content>\n\t\t\t\t\t\t<sr7-slide id=\"SR7_2_1-3\" data-key=\"3\">\n\t\t\t\t\t\t\t<sr7-bg id=\"SR7_2_1-3-36\" class=\"sr7-layer\"><noscript><img decoding=\"async\" src=\"https:\/\/firma365.si\/wp-content\/uploads\/2026\/01\/tyler-franta-iusJ25iYu1c-unsplash-scaled.jpg\" alt=\"virtualna pisarna firma 365\" title=\"virtualna pisarna firma 365\"><\/noscript><\/sr7-bg>\n\t\t\t\t\t\t\t<a id=\"SR7_2_1-3-12\" class=\"sr7-layer\" href=\"https:\/\/twitter.com\/envato\/\" target=\"_blank\" rel=\"nofollow noopener\">Twitter<\/a>\n\t\t\t\t\t\t\t<a id=\"SR7_2_1-3-13\" class=\"sr7-layer\" href=\"https:\/\/www.linkedin.com\/envato\" target=\"_blank\" rel=\"nofollow noopener\"> Linkedin<\/a>\n\t\t\t\t\t\t\t<a id=\"SR7_2_1-3-16\" class=\"sr7-layer\" href=\"https:\/\/www.facebook.com\/envato\/\" target=\"_blank\" rel=\"nofollow noopener\">Facebook<\/a>\n\t\t\t\t\t\t\t<a id=\"SR7_2_1-3-20\" class=\"sr7-layer\" href=\"https:\/\/www.gavias-theme.com\/wp\/codesk\/?page_id=7247\" target=\"_self\" rel=\"nofollow\">Start<\/a>\n\t\t\t\t\t\t\t<sr7-txt id=\"SR7_2_1-3-26\" class=\"sr7-layer\">Nulla vel tempus diam nunc vulputate, quam sit amet <br \/>\ncommodo enim lorem scelerisque massa.<\/sr7-txt>\n\t\t\t\t\t\t\t<sr7-txt id=\"SR7_2_1-3-35\" class=\"sr7-layer\">Big conference <span class=\"text-theme\">&<\/span><br \/>\nmeeting rooms<\/sr7-txt>\n\t\t\t\t\t\t<\/sr7-slide>\n\t\t\t\t\t\t<sr7-slide id=\"SR7_2_1-26\" data-key=\"26\">\n\t\t\t\t\t\t<\/sr7-slide>\n\t\t\t\t\t<\/sr7-content>\n\t\t\t\t\t<image_lists style=\"display:none\">\n\t\t\t\t\t\t<img data-src=\"\/\/firma365.si\/wp-content\/uploads\/2026\/01\/tyler-franta-iusJ25iYu1c-unsplash-scaled.jpg\" data-libid=\"9487\" data-lib=\"medialibrary\" alt=\"virtualna pisarna firma 365\" title=\"virtualna pisarna firma 365\" width=\"0\" height=\"0\" data-dbsrc=\"Ly9maXJtYTM2NS5zaS93cC1jb250ZW50L3VwbG9hZHMvMjAyNi8wMS90eWxlci1mcmFudGEtaXVzSjI1aVl1MWMtdW5zcGxhc2gtc2NhbGVkLmpwZw==\"\/>\n\t\t\t\t\t\t<img data-src=\"\/\/firma365.si\/wp-content\/uploads\/2015\/12\/slider-icon.png\" data-libid=\"7245\" alt=\"slider-icon\" title=\"slider-icon\" width=\"0\" height=\"0\" data-dbsrc=\"Ly9maXJtYTM2NS5zaS93cC1jb250ZW50L3VwbG9hZHMvMjAxNS8xMi9zbGlkZXItaWNvbi5wbmc=\"\/>\n\t\t\t\t\t\t<img data-src=\"\/\/firma365.si\/wp-content\/uploads\/revslider\/slider-2\/slider-41.jpg\" data-libid=\"8235\" title=\"slider-41.jpg\" width=\"0\" height=\"0\" data-dbsrc=\"Ly9maXJtYTM2NS5zaS93cC1jb250ZW50L3VwbG9hZHMvcmV2c2xpZGVyL3NsaWRlci0yL3NsaWRlci00MS5qcGc=\"\/>\n\t\t\t\t\t<\/image_lists>\n\t\t\t\t<\/sr7-module>\n\t\t\t\t<script>\n\t\t\t\t\tSR7.PMH ??={}; SR7.PMH[\"SR7_2_1\"] = {cn:100,state:false,fn: function() { if (_tpt!==undefined && _tpt.prepareModuleHeight !== undefined) {  _tpt.prepareModuleHeight({id:\"SR7_2_1\",el:[920,920,920,580,440],type:'standard',shdw:'0',gh:[920,920,920,580,440],gw:[1170,1170,1170,778,480],vpt:['-100px&#039;,&#039;-100px&#039;,&#039;-100px&#039;,&#039;-100px&#039;,&#039;-100px'],size:{fullWidth:false, fullHeight:false},mh:'0',onh:0,onw:0,bg:{color:'{\"orig\":\"transparent\",\"type\":\"solid\",\"string\":\"transparent\"}'},plType:'0',plColor:'#FFFFFF'});   SR7.PMH[\"SR7_2_1\"].state=true;} else if(SR7.PMH[\"SR7_2_1\"].cn-->0)\tsetTimeout( SR7.PMH[\"SR7_2_1\"].fn,19);}};SR7.PMH[\"SR7_2_1\" ].fn();\n\t\t\t\t<\/script>\n<\/div>\t\t\t\t<\/div>\n\t\t\t\t<\/div>\n\t\t\t\t\t<\/div>\n\t\t<\/div>\n\t\t\t\t\t<\/div>\n\t\t<\/section>\n\t\t\t\t<section class=\"elementor-section elementor-top-section elementor-element elementor-element-3afae5f elementor-hidden-desktop elementor-hidden-tablet elementor-hidden-mobile elementor-section-boxed elementor-section-height-default elementor-section-height-default\" data-id=\"3afae5f\" data-element_type=\"section\" data-settings=\"{&quot;background_background&quot;:&quot;classic&quot;}\">\n\t\t\t\t\t\t<div class=\"elementor-container elementor-column-gap-default\">\n\t\t\t\t\t<div class=\"elementor-column elementor-col-100 elementor-top-column elementor-element elementor-element-fcbcb64 column-style-top\" data-id=\"fcbcb64\" data-element_type=\"column\">\n\t\t\t<div class=\"elementor-widget-wrap elementor-element-populated\">\n\t\t\t\t\t\t<div class=\"elementor-element elementor-element-66085f4 elementor-widget elementor-widget-gva-call-to-action\" data-id=\"66085f4\" data-element_type=\"widget\" data-widget_type=\"gva-call-to-action.default\">\n\t\t\t\t<div class=\"elementor-widget-container\">\n\t\t\t\t\t<div class=\"gva-element-gva-call-to-action gva-element\">\r\n   <div class=\"button-right widget gsc-call-to-action\">\r\n      <div class=\"content-inner clearfix\" >\r\n         <div class=\"content\">\r\n                           <h2 class=\"title\">\r\n                  <span>Let's make a difference! Donate our campaign.<\/span>\r\n               <\/h2>\r\n                                             <\/div>\r\n                     <div class=\"button-action\">\r\n                       <a href=\"#\" class=\"btn-theme btn-cta\">\r\n          <span>Discover More<\/span>\r\n        <\/a>\r\n\r\n                    <\/div>\r\n               <\/div>\r\n   <\/div>\r\n<\/div>\t\t\t\t<\/div>\n\t\t\t\t<\/div>\n\t\t\t\t\t<\/div>\n\t\t<\/div>\n\t\t\t\t\t<\/div>\n\t\t<\/section>\n\t\t\t\t<\/div>","protected":false},"excerpt":{"rendered":"<p>Odpiranje podjetja Odpiranje podjetja v Sloveniji je razmeroma hiter postopek, vendar zahteva nekaj klju\u010dnih odlo\u010ditev in pravilno zaporedje korakov. Dober za\u010detek pomeni manj zapletov kasneje, zato je pomembno, da \u017ee [&hellip;]<\/p>","protected":false},"author":1,"featured_media":0,"parent":0,"menu_order":0,"comment_status":"closed","ping_status":"closed","template":"","meta":{"pagelayer_contact_templates":[],"_pagelayer_content":"","footnotes":""},"class_list":["post-10088","page","type-page","status-publish","hentry"],"_links":{"self":[{"href":"https:\/\/firma365.si\/en\/wp-json\/wp\/v2\/pages\/10088","targetHints":{"allow":["GET"]}}],"collection":[{"href":"https:\/\/firma365.si\/en\/wp-json\/wp\/v2\/pages"}],"about":[{"href":"https:\/\/firma365.si\/en\/wp-json\/wp\/v2\/types\/page"}],"author":[{"embeddable":true,"href":"https:\/\/firma365.si\/en\/wp-json\/wp\/v2\/users\/1"}],"replies":[{"embeddable":true,"href":"https:\/\/firma365.si\/en\/wp-json\/wp\/v2\/comments?post=10088"}],"version-history":[{"count":25,"href":"https:\/\/firma365.si\/en\/wp-json\/wp\/v2\/pages\/10088\/revisions"}],"predecessor-version":[{"id":10542,"href":"https:\/\/firma365.si\/en\/wp-json\/wp\/v2\/pages\/10088\/revisions\/10542"}],"wp:attachment":[{"href":"https:\/\/firma365.si\/en\/wp-json\/wp\/v2\/media?parent=10088"}],"curies":[{"name":"wp","href":"https:\/\/api.w.org\/{rel}","templated":true}]}}